{"id":173,"date":"2016-08-05T13:03:07","date_gmt":"2016-08-05T13:03:07","guid":{"rendered":"http:\/\/obomja.com\/?page_id=173"},"modified":"2016-08-05T13:03:07","modified_gmt":"2016-08-05T13:03:07","slug":"lindomar-da-pesca-e-homologado-candidato-a-prefeito-de-bom-jardim","status":"publish","type":"page","link":"https:\/\/obomja.com\/portal\/lindomar-da-pesca-e-homologado-candidato-a-prefeito-de-bom-jardim\/","title":{"rendered":"Lindomar da Pesca \u00e9 homologado candidato a Prefeito de Bom Jardim."},"content":{"rendered":"<figure id=\"attachment_174\" aria-describedby=\"caption-attachment-174\" style=\"width: 165px\" class=\"wp-caption alignleft\"><img decoding=\"async\" class=\"wp-image-174 size-medium\" src=\"http:\/\/obomja.com\/wp-content\/uploads\/2016\/08\/Lindomarrrrr-165x300.jpg\" alt=\"Lindomarrrrr\" width=\"165\" height=\"300\" \/><figcaption id=\"caption-attachment-174\" class=\"wp-caption-text\">Lindomar da &#8220;Pesca&#8221;.<\/figcaption><\/figure>\n<p style=\"text-align: justify;\">O Presidente do sindicato dos pescadores artesanais de Bom Jardim, Lindomar Matos, homologou na manh\u00e3 de hoje, (5), sua candidatura a prefeito de Bom Jardim.<\/p>\n<p style=\"text-align: justify;\">O seu vice ser\u00e1 o Sr. Luis Gonzaga Alves, o \u201cMal\u00fa\u201d, que mora perto do Gin\u00e1sio o Pedros\u00e3o.<\/p>\n<p style=\"text-align: justify;\">Segundo Lindomar, sua candidatura vem para trazer um nome \u201cnovo\u201d para ficar a disposi\u00e7\u00e3o do eleitorado. \u201cEstamos colocando o nome porque vejo a situa\u00e7\u00e3o do munic\u00edpio e todos que hoje s\u00e3o candidatos j\u00e1 tiveram oportunidades e nada o fizeram, portanto estamos aqui\u201d. Disse Lindomar.<\/p>\n<p style=\"text-align: justify;\">Lindomar ser\u00e1 candidato pela coliga\u00e7\u00e3o que tem o PC do B e PTC, e conta com 10 candidatos a vereadores.<\/p>\n<p style=\"text-align: justify;\">www.bomjardimma.com<\/p>\n","protected":false},"excerpt":{"rendered":"<p>O Presidente do sindicato dos pescadores artesanais de Bom Jardim, Lindomar Matos, homologou na manh\u00e3 de hoje, (5), sua candidatura a prefeito de Bom Jardim. O seu vice ser\u00e1 o Sr. Luis Gonzaga Alves, o \u201cMal\u00fa\u201d, que mora perto do Gin\u00e1sio o Pedros\u00e3o. Segundo Lindomar, sua candidatura vem para trazer um nome \u201cnovo\u201d para ficar&#8230;<\/p>\n","protected":false},"author":1,"featured_media":175,"parent":0,"menu_order":0,"comment_status":"closed","ping_status":"closed","template":"","meta":{"_kad_post_transparent":"","_kad_post_title":"","_kad_post_layout":"","_kad_post_sidebar_id":"","_kad_post_content_style":"","_kad_post_vertical_padding":"","_kad_post_feature":"","_kad_post_feature_position":"","_kad_post_header":false,"_kad_post_footer":false},"yoast_head":"<!-- This site is optimized with the Yoast SEO plugin v20.11 - https:\/\/yoast.com\/wordpress\/plugins\/seo\/ -->\n<title>Lindomar da Pesca \u00e9 homologado candidato a Prefeito de Bom Jardim. - BOM JARDIM<\/title>\n<meta name=\"robots\" content=\"index, follow, max-snippet:-1, max-image-preview:large, max-video-preview:-1\" \/>\n<link rel=\"canonical\" href=\"https:\/\/obomja.com\/portal\/lindomar-da-pesca-e-homologado-candidato-a-prefeito-de-bom-jardim\/\" \/>\n<meta property=\"og:locale\" content=\"pt_BR\" \/>\n<meta property=\"og:type\" content=\"article\" \/>\n<meta property=\"og:title\" content=\"Lindomar da Pesca \u00e9 homologado candidato a Prefeito de Bom Jardim. - BOM JARDIM\" \/>\n<meta property=\"og:description\" content=\"O Presidente do sindicato dos pescadores artesanais de Bom Jardim, Lindomar Matos, homologou na manh\u00e3 de hoje, (5), sua candidatura a prefeito de Bom Jardim. O seu vice ser\u00e1 o Sr. Luis Gonzaga Alves, o \u201cMal\u00fa\u201d, que mora perto do Gin\u00e1sio o Pedros\u00e3o. Segundo Lindomar, sua candidatura vem para trazer um nome \u201cnovo\u201d para ficar...\" \/>\n<meta property=\"og:url\" content=\"https:\/\/obomja.com\/portal\/lindomar-da-pesca-e-homologado-candidato-a-prefeito-de-bom-jardim\/\" \/>\n<meta property=\"og:site_name\" content=\"BOM JARDIM\" \/>\n<meta property=\"og:image\" content=\"https:\/\/obomja.com\/portal\/wp-content\/uploads\/2022\/12\/logo-300x77-1.png\" \/>\n\t<meta property=\"og:image:width\" content=\"300\" \/>\n\t<meta property=\"og:image:height\" content=\"77\" \/>\n\t<meta property=\"og:image:type\" content=\"image\/png\" \/>\n<meta name=\"twitter:card\" content=\"summary_large_image\" \/>\n<meta name=\"twitter:label1\" content=\"Est. tempo de leitura\" \/>\n\t<meta name=\"twitter:data1\" content=\"1 minuto\" \/>\n<script type=\"application\/ld+json\" class=\"yoast-schema-graph\">{\"@context\":\"https:\/\/schema.org\",\"@graph\":[{\"@type\":\"WebPage\",\"@id\":\"https:\/\/obomja.com\/portal\/lindomar-da-pesca-e-homologado-candidato-a-prefeito-de-bom-jardim\/\",\"url\":\"https:\/\/obomja.com\/portal\/lindomar-da-pesca-e-homologado-candidato-a-prefeito-de-bom-jardim\/\",\"name\":\"Lindomar da Pesca \u00e9 homologado candidato a Prefeito de Bom Jardim. - BOM JARDIM\",\"isPartOf\":{\"@id\":\"https:\/\/obomja.com\/portal\/#website\"},\"datePublished\":\"2016-08-05T13:03:07+00:00\",\"dateModified\":\"2016-08-05T13:03:07+00:00\",\"breadcrumb\":{\"@id\":\"https:\/\/obomja.com\/portal\/lindomar-da-pesca-e-homologado-candidato-a-prefeito-de-bom-jardim\/#breadcrumb\"},\"inLanguage\":\"pt-BR\",\"potentialAction\":[{\"@type\":\"ReadAction\",\"target\":[\"https:\/\/obomja.com\/portal\/lindomar-da-pesca-e-homologado-candidato-a-prefeito-de-bom-jardim\/\"]}]},{\"@type\":\"BreadcrumbList\",\"@id\":\"https:\/\/obomja.com\/portal\/lindomar-da-pesca-e-homologado-candidato-a-prefeito-de-bom-jardim\/#breadcrumb\",\"itemListElement\":[{\"@type\":\"ListItem\",\"position\":1,\"name\":\"In\u00edcio\",\"item\":\"https:\/\/obomja.com\/portal\/\"},{\"@type\":\"ListItem\",\"position\":2,\"name\":\"Lindomar da Pesca \u00e9 homologado candidato a Prefeito de Bom Jardim.\"}]},{\"@type\":\"WebSite\",\"@id\":\"https:\/\/obomja.com\/portal\/#website\",\"url\":\"https:\/\/obomja.com\/portal\/\",\"name\":\"BOM JARDIM\",\"description\":\"Portal de not\u00edcias\",\"publisher\":{\"@id\":\"https:\/\/obomja.com\/portal\/#organization\"},\"potentialAction\":[{\"@type\":\"SearchAction\",\"target\":{\"@type\":\"EntryPoint\",\"urlTemplate\":\"https:\/\/obomja.com\/portal\/?s={search_term_string}\"},\"query-input\":\"required name=search_term_string\"}],\"inLanguage\":\"pt-BR\"},{\"@type\":\"Organization\",\"@id\":\"https:\/\/obomja.com\/portal\/#organization\",\"name\":\"BOM JARDIM\",\"url\":\"https:\/\/obomja.com\/portal\/\",\"logo\":{\"@type\":\"ImageObject\",\"inLanguage\":\"pt-BR\",\"@id\":\"https:\/\/obomja.com\/portal\/#\/schema\/logo\/image\/\",\"url\":\"https:\/\/obomja.com\/portal\/wp-content\/uploads\/2022\/12\/logo-300x77-1.png\",\"contentUrl\":\"https:\/\/obomja.com\/portal\/wp-content\/uploads\/2022\/12\/logo-300x77-1.png\",\"width\":300,\"height\":77,\"caption\":\"BOM JARDIM\"},\"image\":{\"@id\":\"https:\/\/obomja.com\/portal\/#\/schema\/logo\/image\/\"}}]}<\/script>\n<!-- \/ Yoast SEO plugin. -->","yoast_head_json":{"title":"Lindomar da Pesca \u00e9 homologado candidato a Prefeito de Bom Jardim. - BOM JARDIM","robots":{"index":"index","follow":"follow","max-snippet":"max-snippet:-1","max-image-preview":"max-image-preview:large","max-video-preview":"max-video-preview:-1"},"canonical":"https:\/\/obomja.com\/portal\/lindomar-da-pesca-e-homologado-candidato-a-prefeito-de-bom-jardim\/","og_locale":"pt_BR","og_type":"article","og_title":"Lindomar da Pesca \u00e9 homologado candidato a Prefeito de Bom Jardim. - BOM JARDIM","og_description":"O Presidente do sindicato dos pescadores artesanais de Bom Jardim, Lindomar Matos, homologou na manh\u00e3 de hoje, (5), sua candidatura a prefeito de Bom Jardim. O seu vice ser\u00e1 o Sr. Luis Gonzaga Alves, o \u201cMal\u00fa\u201d, que mora perto do Gin\u00e1sio o Pedros\u00e3o. Segundo Lindomar, sua candidatura vem para trazer um nome \u201cnovo\u201d para ficar...","og_url":"https:\/\/obomja.com\/portal\/lindomar-da-pesca-e-homologado-candidato-a-prefeito-de-bom-jardim\/","og_site_name":"BOM JARDIM","og_image":[{"width":300,"height":77,"url":"https:\/\/obomja.com\/portal\/wp-content\/uploads\/2022\/12\/logo-300x77-1.png","type":"image\/png"}],"twitter_card":"summary_large_image","twitter_misc":{"Est. tempo de leitura":"1 minuto"},"schema":{"@context":"https:\/\/schema.org","@graph":[{"@type":"WebPage","@id":"https:\/\/obomja.com\/portal\/lindomar-da-pesca-e-homologado-candidato-a-prefeito-de-bom-jardim\/","url":"https:\/\/obomja.com\/portal\/lindomar-da-pesca-e-homologado-candidato-a-prefeito-de-bom-jardim\/","name":"Lindomar da Pesca \u00e9 homologado candidato a Prefeito de Bom Jardim. - BOM JARDIM","isPartOf":{"@id":"https:\/\/obomja.com\/portal\/#website"},"datePublished":"2016-08-05T13:03:07+00:00","dateModified":"2016-08-05T13:03:07+00:00","breadcrumb":{"@id":"https:\/\/obomja.com\/portal\/lindomar-da-pesca-e-homologado-candidato-a-prefeito-de-bom-jardim\/#breadcrumb"},"inLanguage":"pt-BR","potentialAction":[{"@type":"ReadAction","target":["https:\/\/obomja.com\/portal\/lindomar-da-pesca-e-homologado-candidato-a-prefeito-de-bom-jardim\/"]}]},{"@type":"BreadcrumbList","@id":"https:\/\/obomja.com\/portal\/lindomar-da-pesca-e-homologado-candidato-a-prefeito-de-bom-jardim\/#breadcrumb","itemListElement":[{"@type":"ListItem","position":1,"name":"In\u00edcio","item":"https:\/\/obomja.com\/portal\/"},{"@type":"ListItem","position":2,"name":"Lindomar da Pesca \u00e9 homologado candidato a Prefeito de Bom Jardim."}]},{"@type":"WebSite","@id":"https:\/\/obomja.com\/portal\/#website","url":"https:\/\/obomja.com\/portal\/","name":"BOM JARDIM","description":"Portal de not\u00edcias","publisher":{"@id":"https:\/\/obomja.com\/portal\/#organization"},"potentialAction":[{"@type":"SearchAction","target":{"@type":"EntryPoint","urlTemplate":"https:\/\/obomja.com\/portal\/?s={search_term_string}"},"query-input":"required name=search_term_string"}],"inLanguage":"pt-BR"},{"@type":"Organization","@id":"https:\/\/obomja.com\/portal\/#organization","name":"BOM JARDIM","url":"https:\/\/obomja.com\/portal\/","logo":{"@type":"ImageObject","inLanguage":"pt-BR","@id":"https:\/\/obomja.com\/portal\/#\/schema\/logo\/image\/","url":"https:\/\/obomja.com\/portal\/wp-content\/uploads\/2022\/12\/logo-300x77-1.png","contentUrl":"https:\/\/obomja.com\/portal\/wp-content\/uploads\/2022\/12\/logo-300x77-1.png","width":300,"height":77,"caption":"BOM JARDIM"},"image":{"@id":"https:\/\/obomja.com\/portal\/#\/schema\/logo\/image\/"}}]}},"_links":{"self":[{"href":"https:\/\/obomja.com\/portal\/wp-json\/wp\/v2\/pages\/173"}],"collection":[{"href":"https:\/\/obomja.com\/portal\/wp-json\/wp\/v2\/pages"}],"about":[{"href":"https:\/\/obomja.com\/portal\/wp-json\/wp\/v2\/types\/page"}],"author":[{"embeddable":true,"href":"https:\/\/obomja.com\/portal\/wp-json\/wp\/v2\/users\/1"}],"replies":[{"embeddable":true,"href":"https:\/\/obomja.com\/portal\/wp-json\/wp\/v2\/comments?post=173"}],"version-history":[{"count":0,"href":"https:\/\/obomja.com\/portal\/wp-json\/wp\/v2\/pages\/173\/revisions"}],"wp:featuredmedia":[{"embeddable":true,"href":"https:\/\/obomja.com\/portal\/wp-json\/"}],"wp:attachment":[{"href":"https:\/\/obomja.com\/portal\/wp-json\/wp\/v2\/media?parent=173"}],"curies":[{"name":"wp","href":"https:\/\/api.w.org\/{rel}","templated":true}]}}